{"id":67,"date":"2024-02-01T10:39:12","date_gmt":"2024-02-01T10:39:12","guid":{"rendered":"http:\/\/127.0.0.1\/~veipone\/wordpress\/?page_id=67"},"modified":"2025-11-25T13:11:33","modified_gmt":"2025-11-25T13:11:33","slug":"home-2","status":"publish","type":"page","link":"https:\/\/staff.icar.cnr.it\/vinci\/wordpress\/index.php\/it\/home-2\/","title":{"rendered":"Home"},"content":{"rendered":"\n<div class=\"wp-block-group alignwide is-layout-flow wp-block-group-is-layout-flow\">\n<div class=\"wp-block-columns is-layout-flex wp-container-core-columns-is-layout-28f84493 wp-block-columns-is-layout-flex\">\n<div class=\"wp-block-column is-layout-flow wp-block-column-is-layout-flow\" style=\"flex-basis:33.33%\">\n<div class=\"wp-block-group has-global-padding is-layout-constrained wp-container-core-group-is-layout-b13d32f8 wp-block-group-is-layout-constrained\" style=\"padding-right:var(--wp--preset--spacing--10);padding-left:var(--wp--preset--spacing--10)\">\n<figure class=\"wp-block-image size-full\"><img loading=\"lazy\" decoding=\"async\" width=\"512\" height=\"512\" src=\"https:\/\/staff.icar.cnr.it\/vinci\/wordpress\/wp-content\/uploads\/2024\/02\/cropped-Andrea-Vinci-icon.png\" alt=\"\" class=\"wp-image-745\" srcset=\"https:\/\/staff.icar.cnr.it\/vinci\/wordpress\/wp-content\/uploads\/2024\/02\/cropped-Andrea-Vinci-icon.png 512w, https:\/\/staff.icar.cnr.it\/vinci\/wordpress\/wp-content\/uploads\/2024\/02\/cropped-Andrea-Vinci-icon-300x300.png 300w, https:\/\/staff.icar.cnr.it\/vinci\/wordpress\/wp-content\/uploads\/2024\/02\/cropped-Andrea-Vinci-icon-150x150.png 150w\" sizes=\"auto, (max-width: 512px) 100vw, 512px\" \/><\/figure>\n\n\n\n<figure data-wp-context=\"{&quot;imageId&quot;:&quot;69d65b1872322&quot;}\" data-wp-interactive=\"core\/image\" data-wp-key=\"69d65b1872322\" class=\"wp-block-image alignwide size-full wp-lightbox-container\"><img loading=\"lazy\" decoding=\"async\" width=\"300\" height=\"189\" data-wp-class--hide=\"state.isContentHidden\" data-wp-class--show=\"state.isContentVisible\" data-wp-init=\"callbacks.setButtonStyles\" data-wp-on--click=\"actions.showLightbox\" data-wp-on--load=\"callbacks.setButtonStyles\" data-wp-on-window--resize=\"callbacks.setButtonStyles\" src=\"https:\/\/staff.icar.cnr.it\/vinci\/wordpress\/wp-content\/uploads\/2024\/03\/logo-icar-compatta_CNR_RGB._cutjpg-300x189-1.jpg\" alt=\"\" class=\"wp-image-902\"\/><button\n\t\t\tclass=\"lightbox-trigger\"\n\t\t\ttype=\"button\"\n\t\t\taria-haspopup=\"dialog\"\n\t\t\taria-label=\"Enlarge\"\n\t\t\tdata-wp-init=\"callbacks.initTriggerButton\"\n\t\t\tdata-wp-on--click=\"actions.showLightbox\"\n\t\t\tdata-wp-style--right=\"state.imageButtonRight\"\n\t\t\tdata-wp-style--top=\"state.imageButtonTop\"\n\t\t>\n\t\t\t<svg xmlns=\"http:\/\/www.w3.org\/2000\/svg\" width=\"12\" height=\"12\" fill=\"none\" viewBox=\"0 0 12 12\">\n\t\t\t\t<path fill=\"#fff\" d=\"M2 0a2 2 0 0 0-2 2v2h1.5V2a.5.5 0 0 1 .5-.5h2V0H2Zm2 10.5H2a.5.5 0 0 1-.5-.5V8H0v2a2 2 0 0 0 2 2h2v-1.5ZM8 12v-1.5h2a.5.5 0 0 0 .5-.5V8H12v2a2 2 0 0 1-2 2H8Zm2-12a2 2 0 0 1 2 2v2h-1.5V2a.5.5 0 0 0-.5-.5H8V0h2Z\" \/>\n\t\t\t<\/svg>\n\t\t<\/button><\/figure>\n<\/div>\n<\/div>\n\n\n\n<div class=\"wp-block-column is-layout-flow wp-block-column-is-layout-flow\" style=\"flex-basis:66.66%\">\n<p>Andrea Vinci, Ph.D., \u00e8 Primo Ricercatore presso l&#8217;ICAR-CNR dal gennaio 2023, dove ha lavorato in varie posizioni dal settembre 2012. Ha conseguito il dottorato di ricerca in Ingegneria dei Sistemi e Informatica presso l\u2019Universit\u00e0 della Calabria (Italia), dove ha anche conseguito la Laurea Magistrale in Ingegneria Informatica (summa cum laude). Il suo lavoro di ricerca si concentra principalmente su Edge Intelligence, Cognitive Environments, Internet of Things, Cyber-Physical Systems e Quantum Computing.<\/p>\n\n\n\n<p>In questi ambiti ha pubblicato pi\u00f9 di 70 articoli in conferenze, atti e riviste internazionali, contribuendo a: definizioni di piattaforme e metodologie per la progettazione e l\u2019implementazione di sistemi cyber-fisici; la progettazione di algoritmi distribuiti per il controllo efficiente delle infrastrutture urbane come le reti di drenaggio, basati su swarm intelligence e tecniche peer-to-peer; analisi e previsione dei dati delle Smart Cities; e tecniche di intelligenza artificiale per ambienti intelligenti e cognitivi.<\/p>\n\n\n\n<p>L&#8217;interesse per il Quantum Computing \u00e8 attualmente focalizzato sugli algoritmi quantistici variazionali, in particolare sulla progettazione di ansatze specifici per risolvere problemeatiche connesse all&#8217;Edge Computing, e sulla Quantum Error Mitigation, con nuovi contributi pubblicati su importanti riviste IEEE.<\/p>\n\n\n\n<p>Ricopre ricopre il ruolo di valutatore tecnico scientifico per progetti MISE dal 2019. Ha partecipato a progetti di ricerca, come iAmica, ResNovae, Domus e Cogito. Tra le varie attivit\u00e0, ha contribuito alla progettazione, sviluppo e implementazione della demo Smart Street Cosenza, ovvero un prototipo di infrastruttura ICT pervasiva per servizi Smart City realizzata a Cosenza, in Italia. Ha contribuito alla progettazione e allo sviluppo della piattaforma sociale e pervasiva basata su agenti denominata iSapiens, che costituisce il blocco principale del progetto di ricerca Domus. Nell\u2019ambito del progetto Cogito, ha contribuito alla progettazione e allo sviluppo dell\u2019omonimo framework, su misura per la creazione di ambienti Cognitive IoT basati su Edge Computing. \u00c8 attualmente associated investigator e responsabile di unit\u00e0 per il PRIN Insider, e responsabile&nbsp; di unit\u00e0 per il WP3 del progetto SoBigData.it.<\/p>\n\n\n\n<p><strong>Interessi:<\/strong> Edge Intelligence, Smart And Cognitive Environments, Internet of Things, Cyber-Physical Systems, and Quantum Computing.<\/p>\n\n\n\n<h4 class=\"wp-block-heading\">Contatti<\/h4>\n\n\n\n<p>Andrea Vinci, Dottore di Ricerca<br>Ricercatore presso CNR &#8211; Consiglio Nazionale delle Ricerche<br>Istituto di Calcolo e Reti ad Alte Prestazioni (ICAR)<br>Via Pietro Bucci \u2013 Cubo 7\/11C,<br>87036 Rende (CS)<br>Italia<\/p>\n\n\n\n<p>Email: <a href=\"mailto:andrea.vinci@icar.cnr.it\">andrea.vinci@icar.cnr.it<\/a><br>Tel: +39 0984 493893<\/p>\n<\/div>\n<\/div>\n<\/div>\n","protected":false},"excerpt":{"rendered":"<p>Andrea Vinci, Ph.D., \u00e8 Primo Ricercatore presso l&#8217;ICAR-CNR dal gennaio 2023, dove ha lavorato in varie posizioni dal settembre 2012. Ha conseguito il dottorato di ricerca in Ingegneria dei Sistemi e Informatica presso l\u2019Universit\u00e0 della Calabria (Italia), dove ha anche conseguito la Laurea Magistrale in Ingegneria Informatica (summa cum laude). Il suo lavoro di ricerca [&hellip;]<\/p>\n","protected":false},"author":1,"featured_media":0,"parent":0,"menu_order":0,"comment_status":"closed","ping_status":"closed","template":"","meta":{"footnotes":""},"class_list":["post-67","page","type-page","status-publish","hentry"],"_links":{"self":[{"href":"https:\/\/staff.icar.cnr.it\/vinci\/wordpress\/index.php\/wp-json\/wp\/v2\/pages\/67","targetHints":{"allow":["GET"]}}],"collection":[{"href":"https:\/\/staff.icar.cnr.it\/vinci\/wordpress\/index.php\/wp-json\/wp\/v2\/pages"}],"about":[{"href":"https:\/\/staff.icar.cnr.it\/vinci\/wordpress\/index.php\/wp-json\/wp\/v2\/types\/page"}],"author":[{"embeddable":true,"href":"https:\/\/staff.icar.cnr.it\/vinci\/wordpress\/index.php\/wp-json\/wp\/v2\/users\/1"}],"replies":[{"embeddable":true,"href":"https:\/\/staff.icar.cnr.it\/vinci\/wordpress\/index.php\/wp-json\/wp\/v2\/comments?post=67"}],"version-history":[{"count":8,"href":"https:\/\/staff.icar.cnr.it\/vinci\/wordpress\/index.php\/wp-json\/wp\/v2\/pages\/67\/revisions"}],"predecessor-version":[{"id":961,"href":"https:\/\/staff.icar.cnr.it\/vinci\/wordpress\/index.php\/wp-json\/wp\/v2\/pages\/67\/revisions\/961"}],"wp:attachment":[{"href":"https:\/\/staff.icar.cnr.it\/vinci\/wordpress\/index.php\/wp-json\/wp\/v2\/media?parent=67"}],"curies":[{"name":"wp","href":"https:\/\/api.w.org\/{rel}","templated":true}]}}